{"id":210,"date":"2022-08-29T12:15:27","date_gmt":"2022-08-29T12:15:27","guid":{"rendered":"https:\/\/ti-creation.com\/?page_id=210"},"modified":"2022-08-29T12:15:31","modified_gmt":"2022-08-29T12:15:31","slug":"maintenance","status":"publish","type":"page","link":"https:\/\/ti-creation.com\/mne\/maintenance\/","title":{"rendered":"Odr\u017eavanje"},"content":{"rendered":"<ul class=\"wp-block-list\"><li>Kako biste izbjegli o\u0161te\u0107enje, \u010duvajte nakit u zasebnim vre\u0107icama.\u00a0<\/li><li>Nakit stavljajte zadnji prilikom obla\u010denja, a prvi skinite kada se svla\u010dite.\u00a0\u00a0<\/li><li>Ne zaboravite ukloniti nakit prilikom tu\u0161iranja.\u00a0<\/li><li>Izbjegavajte izlaganje parfemima, losionima i lakovima za kosu jer oni mogu naru\u0161iti zavr\u0161ni sloj.<\/li><\/ul>","protected":false},"excerpt":{"rendered":"<p>To avoid damage keep your jewelry in separate pouches. Put on jewelry last when dressing and take off first when undressing.\u00a0 Don&#8217;t forget to remove every piece of jewelry when showering. Avoid exposure to perfumes, lotions and hairspray as these may erode the finish.<\/p>","protected":false},"author":1,"featured_media":0,"parent":0,"menu_order":0,"comment_status":"closed","ping_status":"closed","template":"","meta":{"nf_dc_page":"","om_disable_all_campaigns":false,"_monsterinsights_skip_tracking":false,"_monsterinsights_sitenote_active":false,"_monsterinsights_sitenote_note":"","_monsterinsights_sitenote_category":0,"footnotes":""},"class_list":["post-210","page","type-page","status-publish","hentry"],"yoast_head":"<!-- This site is optimized with the Yoast SEO plugin v27.5 - https:\/\/yoast.com\/product\/yoast-seo-wordpress\/ -->\n<title>Maintenance - Ti-Creation<\/title>\n<meta name=\"robots\" content=\"index, follow, max-snippet:-1, max-image-preview:large, max-video-preview:-1\" \/>\n<link rel=\"canonical\" href=\"https:\/\/ti-creation.com\/mne\/maintenance\/\" \/>\n<meta property=\"og:locale\" content=\"en_US\" \/>\n<meta property=\"og:type\" content=\"article\" \/>\n<meta property=\"og:title\" content=\"Maintenance - Ti-Creation\" \/>\n<meta property=\"og:description\" content=\"To avoid damage keep your jewelry in separate pouches. Put on jewelry last when dressing and take off first when undressing.\u00a0 Don&#8217;t forget to remove every piece of jewelry when showering. Avoid exposure to perfumes, lotions and hairspray as these may erode the finish.\" \/>\n<meta property=\"og:url\" content=\"https:\/\/ti-creation.com\/mne\/maintenance\/\" \/>\n<meta property=\"og:site_name\" content=\"Ti-Creation\" \/>\n<meta property=\"article:modified_time\" content=\"2022-08-29T12:15:31+00:00\" \/>\n<meta name=\"twitter:card\" content=\"summary_large_image\" \/>\n<meta name=\"twitter:label1\" content=\"Est. reading time\" \/>\n\t<meta name=\"twitter:data1\" content=\"1 minute\" \/>\n<script type=\"application\/ld+json\" class=\"yoast-schema-graph\">{\"@context\":\"https:\\\/\\\/schema.org\",\"@graph\":[{\"@type\":\"WebPage\",\"@id\":\"https:\\\/\\\/ti-creation.com\\\/maintenance\\\/\",\"url\":\"https:\\\/\\\/ti-creation.com\\\/maintenance\\\/\",\"name\":\"Maintenance - Ti-Creation\",\"isPartOf\":{\"@id\":\"https:\\\/\\\/ti-creation.com\\\/#website\"},\"datePublished\":\"2022-08-29T12:15:27+00:00\",\"dateModified\":\"2022-08-29T12:15:31+00:00\",\"breadcrumb\":{\"@id\":\"https:\\\/\\\/ti-creation.com\\\/maintenance\\\/#breadcrumb\"},\"inLanguage\":\"cnr\",\"potentialAction\":[{\"@type\":\"ReadAction\",\"target\":[\"https:\\\/\\\/ti-creation.com\\\/maintenance\\\/\"]}]},{\"@type\":\"BreadcrumbList\",\"@id\":\"https:\\\/\\\/ti-creation.com\\\/maintenance\\\/#breadcrumb\",\"itemListElement\":[{\"@type\":\"ListItem\",\"position\":1,\"name\":\"Home\",\"item\":\"https:\\\/\\\/ti-creation.com\\\/\"},{\"@type\":\"ListItem\",\"position\":2,\"name\":\"Maintenance\"}]},{\"@type\":\"WebSite\",\"@id\":\"https:\\\/\\\/ti-creation.com\\\/#website\",\"url\":\"https:\\\/\\\/ti-creation.com\\\/\",\"name\":\"Ti-Creation\",\"description\":\"\",\"publisher\":{\"@id\":\"https:\\\/\\\/ti-creation.com\\\/#organization\"},\"potentialAction\":[{\"@type\":\"SearchAction\",\"target\":{\"@type\":\"EntryPoint\",\"urlTemplate\":\"https:\\\/\\\/ti-creation.com\\\/?s={search_term_string}\"},\"query-input\":{\"@type\":\"PropertyValueSpecification\",\"valueRequired\":true,\"valueName\":\"search_term_string\"}}],\"inLanguage\":\"cnr\"},{\"@type\":\"Organization\",\"@id\":\"https:\\\/\\\/ti-creation.com\\\/#organization\",\"name\":\"Ti-Creation\",\"url\":\"https:\\\/\\\/ti-creation.com\\\/\",\"logo\":{\"@type\":\"ImageObject\",\"inLanguage\":\"cnr\",\"@id\":\"https:\\\/\\\/ti-creation.com\\\/#\\\/schema\\\/logo\\\/image\\\/\",\"url\":\"https:\\\/\\\/i0.wp.com\\\/ti-creation.com\\\/wp-content\\\/uploads\\\/2022\\\/08\\\/cvijet-lovcena-logo.jpg?fit=471%2C497&ssl=1\",\"contentUrl\":\"https:\\\/\\\/i0.wp.com\\\/ti-creation.com\\\/wp-content\\\/uploads\\\/2022\\\/08\\\/cvijet-lovcena-logo.jpg?fit=471%2C497&ssl=1\",\"width\":471,\"height\":497,\"caption\":\"Ti-Creation\"},\"image\":{\"@id\":\"https:\\\/\\\/ti-creation.com\\\/#\\\/schema\\\/logo\\\/image\\\/\"}}]}<\/script>\n<!-- \/ Yoast SEO plugin. -->","yoast_head_json":{"title":"Maintenance - Ti-Creation","robots":{"index":"index","follow":"follow","max-snippet":"max-snippet:-1","max-image-preview":"max-image-preview:large","max-video-preview":"max-video-preview:-1"},"canonical":"https:\/\/ti-creation.com\/mne\/maintenance\/","og_locale":"en_US","og_type":"article","og_title":"Maintenance - Ti-Creation","og_description":"To avoid damage keep your jewelry in separate pouches. Put on jewelry last when dressing and take off first when undressing.\u00a0 Don&#8217;t forget to remove every piece of jewelry when showering. Avoid exposure to perfumes, lotions and hairspray as these may erode the finish.","og_url":"https:\/\/ti-creation.com\/mne\/maintenance\/","og_site_name":"Ti-Creation","article_modified_time":"2022-08-29T12:15:31+00:00","twitter_card":"summary_large_image","twitter_misc":{"Est. reading time":"1 minute"},"schema":{"@context":"https:\/\/schema.org","@graph":[{"@type":"WebPage","@id":"https:\/\/ti-creation.com\/maintenance\/","url":"https:\/\/ti-creation.com\/maintenance\/","name":"Maintenance - Ti-Creation","isPartOf":{"@id":"https:\/\/ti-creation.com\/#website"},"datePublished":"2022-08-29T12:15:27+00:00","dateModified":"2022-08-29T12:15:31+00:00","breadcrumb":{"@id":"https:\/\/ti-creation.com\/maintenance\/#breadcrumb"},"inLanguage":"cnr","potentialAction":[{"@type":"ReadAction","target":["https:\/\/ti-creation.com\/maintenance\/"]}]},{"@type":"BreadcrumbList","@id":"https:\/\/ti-creation.com\/maintenance\/#breadcrumb","itemListElement":[{"@type":"ListItem","position":1,"name":"Home","item":"https:\/\/ti-creation.com\/"},{"@type":"ListItem","position":2,"name":"Maintenance"}]},{"@type":"WebSite","@id":"https:\/\/ti-creation.com\/#website","url":"https:\/\/ti-creation.com\/","name":"Ti-Creation","description":"","publisher":{"@id":"https:\/\/ti-creation.com\/#organization"},"potentialAction":[{"@type":"SearchAction","target":{"@type":"EntryPoint","urlTemplate":"https:\/\/ti-creation.com\/?s={search_term_string}"},"query-input":{"@type":"PropertyValueSpecification","valueRequired":true,"valueName":"search_term_string"}}],"inLanguage":"cnr"},{"@type":"Organization","@id":"https:\/\/ti-creation.com\/#organization","name":"Ti-Creation","url":"https:\/\/ti-creation.com\/","logo":{"@type":"ImageObject","inLanguage":"cnr","@id":"https:\/\/ti-creation.com\/#\/schema\/logo\/image\/","url":"https:\/\/i0.wp.com\/ti-creation.com\/wp-content\/uploads\/2022\/08\/cvijet-lovcena-logo.jpg?fit=471%2C497&ssl=1","contentUrl":"https:\/\/i0.wp.com\/ti-creation.com\/wp-content\/uploads\/2022\/08\/cvijet-lovcena-logo.jpg?fit=471%2C497&ssl=1","width":471,"height":497,"caption":"Ti-Creation"},"image":{"@id":"https:\/\/ti-creation.com\/#\/schema\/logo\/image\/"}}]}},"jetpack_sharing_enabled":true,"_links":{"self":[{"href":"https:\/\/ti-creation.com\/mne\/wp-json\/wp\/v2\/pages\/210","targetHints":{"allow":["GET"]}}],"collection":[{"href":"https:\/\/ti-creation.com\/mne\/wp-json\/wp\/v2\/pages"}],"about":[{"href":"https:\/\/ti-creation.com\/mne\/wp-json\/wp\/v2\/types\/page"}],"author":[{"embeddable":true,"href":"https:\/\/ti-creation.com\/mne\/wp-json\/wp\/v2\/users\/1"}],"replies":[{"embeddable":true,"href":"https:\/\/ti-creation.com\/mne\/wp-json\/wp\/v2\/comments?post=210"}],"version-history":[{"count":1,"href":"https:\/\/ti-creation.com\/mne\/wp-json\/wp\/v2\/pages\/210\/revisions"}],"predecessor-version":[{"id":211,"href":"https:\/\/ti-creation.com\/mne\/wp-json\/wp\/v2\/pages\/210\/revisions\/211"}],"wp:attachment":[{"href":"https:\/\/ti-creation.com\/mne\/wp-json\/wp\/v2\/media?parent=210"}],"curies":[{"name":"wp","href":"https:\/\/api.w.org\/{rel}","templated":true}]}}