{"id":66,"date":"2022-08-17T19:47:35","date_gmt":"2022-08-17T19:47:35","guid":{"rendered":"http:\/\/box5563.temp.domains\/~ticreat1\/about\/"},"modified":"2022-08-29T12:04:17","modified_gmt":"2022-08-29T12:04:17","slug":"about-project","status":"publish","type":"page","link":"https:\/\/ti-creation.com\/mne\/about-project\/","title":{"rendered":"O projektu"},"content":{"rendered":"<p>Kolekcija nakita od srebra 925 pod nazivom ,,Cvijet Lov\u0107ena\" je komad primijenjene umjetnosti koji mo\u017eemo nositi uvijek sa sobom.&nbsp;<\/p>\n\n\n\n<p>Nakit je izra\u0111en isklju\u010divo od srebra 925 i od srebra 925 sa pozlatom. Srebro ima dugu tradiciju u Crnoj Gori, kako pri izradi \u0107emera, tako pri izradi zavjetnih pla\u010dica na primorju. Danas srebrni ,,Cvijet Lov\u0107ena\" je moderni eho \u017eenske prirodnosti, elegancije, lako\u0107e, svjetlucavosti i jednostavnosti.<\/p>\n\n\n\n<p>Cvijet na planini Lov\u0107en se probija izme\u0111u stijena i ide ka suncu. Podsje\u0107a nas da tu ljepotu, nje\u017enost i istrajnost nosimo i mi ve\u0107 u sebi, ali moramo to njegovati, kao \u0161to moramo \u010duvati samu prirodu.<\/p>\n\n\n\n<p>Kreatorka kolekcije nakita ,,Cvijet Lov\u0107ena\" je knji\u017eevnica <strong>Tijana \u017divaljevi\u0107<\/strong>.<\/p>\n\n\n\n<p>Nakit je dizajniran i ru\u010dno ra\u0111en u Crnoj Gori.<\/p>\n\n\n\n<p>Kolekcija je dobitnik nagrade za inovativnost i kreativno preduzetni\u0161tvo od strane Glavnog grada Podgorice.<\/p>","protected":false},"excerpt":{"rendered":"<p>The 925 silver jewelry collection &#8220;Lov\u0107en Flower&#8221; is a piece of applied art that we can always carry with us.&nbsp; The jewelry is made exclusively of 925 silver and 925 silver with gold plating. Silver has a long tradition in Montenegro, both in the production of women&#8217;s silver belt and in the production of votive offerings on the coast. Today, &#8230;<\/p>","protected":false},"author":1,"featured_media":0,"parent":0,"menu_order":0,"comment_status":"closed","ping_status":"closed","template":"","meta":{"nf_dc_page":"","om_disable_all_campaigns":false,"_monsterinsights_skip_tracking":false,"_monsterinsights_sitenote_active":false,"_monsterinsights_sitenote_note":"","_monsterinsights_sitenote_category":0,"footnotes":""},"class_list":["post-66","page","type-page","status-publish","hentry"],"yoast_head":"<!-- This site is optimized with the Yoast SEO plugin v27.5 - https:\/\/yoast.com\/product\/yoast-seo-wordpress\/ -->\n<title>About the project - Ti-Creation<\/title>\n<meta name=\"robots\" content=\"index, follow, max-snippet:-1, max-image-preview:large, max-video-preview:-1\" \/>\n<link rel=\"canonical\" href=\"https:\/\/ti-creation.com\/mne\/about-project\/\" \/>\n<meta property=\"og:locale\" content=\"en_US\" \/>\n<meta property=\"og:type\" content=\"article\" \/>\n<meta property=\"og:title\" content=\"About the project - Ti-Creation\" \/>\n<meta property=\"og:description\" content=\"The 925 silver jewelry collection &#8220;Lov\u0107en Flower&#8221; is a piece of applied art that we can always carry with us.&nbsp; The jewelry is made exclusively of 925 silver and 925 silver with gold plating. Silver has a long tradition in Montenegro, both in the production of women&#8217;s silver belt and in the production of votive offerings on the coast. Today, ...\" \/>\n<meta property=\"og:url\" content=\"https:\/\/ti-creation.com\/mne\/about-project\/\" \/>\n<meta property=\"og:site_name\" content=\"Ti-Creation\" \/>\n<meta property=\"article:modified_time\" content=\"2022-08-29T12:04:17+00:00\" \/>\n<meta name=\"twitter:card\" content=\"summary_large_image\" \/>\n<meta name=\"twitter:label1\" content=\"Est. reading time\" \/>\n\t<meta name=\"twitter:data1\" content=\"1 minute\" \/>\n<script type=\"application\/ld+json\" class=\"yoast-schema-graph\">{\"@context\":\"https:\\\/\\\/schema.org\",\"@graph\":[{\"@type\":\"WebPage\",\"@id\":\"https:\\\/\\\/ti-creation.com\\\/about-project\\\/\",\"url\":\"https:\\\/\\\/ti-creation.com\\\/about-project\\\/\",\"name\":\"About the project - Ti-Creation\",\"isPartOf\":{\"@id\":\"https:\\\/\\\/ti-creation.com\\\/#website\"},\"datePublished\":\"2022-08-17T19:47:35+00:00\",\"dateModified\":\"2022-08-29T12:04:17+00:00\",\"breadcrumb\":{\"@id\":\"https:\\\/\\\/ti-creation.com\\\/about-project\\\/#breadcrumb\"},\"inLanguage\":\"cnr\",\"potentialAction\":[{\"@type\":\"ReadAction\",\"target\":[\"https:\\\/\\\/ti-creation.com\\\/about-project\\\/\"]}]},{\"@type\":\"BreadcrumbList\",\"@id\":\"https:\\\/\\\/ti-creation.com\\\/about-project\\\/#breadcrumb\",\"itemListElement\":[{\"@type\":\"ListItem\",\"position\":1,\"name\":\"Home\",\"item\":\"https:\\\/\\\/ti-creation.com\\\/\"},{\"@type\":\"ListItem\",\"position\":2,\"name\":\"About the project\"}]},{\"@type\":\"WebSite\",\"@id\":\"https:\\\/\\\/ti-creation.com\\\/#website\",\"url\":\"https:\\\/\\\/ti-creation.com\\\/\",\"name\":\"Ti-Creation\",\"description\":\"\",\"publisher\":{\"@id\":\"https:\\\/\\\/ti-creation.com\\\/#organization\"},\"potentialAction\":[{\"@type\":\"SearchAction\",\"target\":{\"@type\":\"EntryPoint\",\"urlTemplate\":\"https:\\\/\\\/ti-creation.com\\\/?s={search_term_string}\"},\"query-input\":{\"@type\":\"PropertyValueSpecification\",\"valueRequired\":true,\"valueName\":\"search_term_string\"}}],\"inLanguage\":\"cnr\"},{\"@type\":\"Organization\",\"@id\":\"https:\\\/\\\/ti-creation.com\\\/#organization\",\"name\":\"Ti-Creation\",\"url\":\"https:\\\/\\\/ti-creation.com\\\/\",\"logo\":{\"@type\":\"ImageObject\",\"inLanguage\":\"cnr\",\"@id\":\"https:\\\/\\\/ti-creation.com\\\/#\\\/schema\\\/logo\\\/image\\\/\",\"url\":\"https:\\\/\\\/i0.wp.com\\\/ti-creation.com\\\/wp-content\\\/uploads\\\/2022\\\/08\\\/cvijet-lovcena-logo.jpg?fit=471%2C497&ssl=1\",\"contentUrl\":\"https:\\\/\\\/i0.wp.com\\\/ti-creation.com\\\/wp-content\\\/uploads\\\/2022\\\/08\\\/cvijet-lovcena-logo.jpg?fit=471%2C497&ssl=1\",\"width\":471,\"height\":497,\"caption\":\"Ti-Creation\"},\"image\":{\"@id\":\"https:\\\/\\\/ti-creation.com\\\/#\\\/schema\\\/logo\\\/image\\\/\"}}]}<\/script>\n<!-- \/ Yoast SEO plugin. -->","yoast_head_json":{"title":"About the project - Ti-Creation","robots":{"index":"index","follow":"follow","max-snippet":"max-snippet:-1","max-image-preview":"max-image-preview:large","max-video-preview":"max-video-preview:-1"},"canonical":"https:\/\/ti-creation.com\/mne\/about-project\/","og_locale":"en_US","og_type":"article","og_title":"About the project - Ti-Creation","og_description":"The 925 silver jewelry collection &#8220;Lov\u0107en Flower&#8221; is a piece of applied art that we can always carry with us.&nbsp; The jewelry is made exclusively of 925 silver and 925 silver with gold plating. Silver has a long tradition in Montenegro, both in the production of women&#8217;s silver belt and in the production of votive offerings on the coast. Today, ...","og_url":"https:\/\/ti-creation.com\/mne\/about-project\/","og_site_name":"Ti-Creation","article_modified_time":"2022-08-29T12:04:17+00:00","twitter_card":"summary_large_image","twitter_misc":{"Est. reading time":"1 minute"},"schema":{"@context":"https:\/\/schema.org","@graph":[{"@type":"WebPage","@id":"https:\/\/ti-creation.com\/about-project\/","url":"https:\/\/ti-creation.com\/about-project\/","name":"About the project - Ti-Creation","isPartOf":{"@id":"https:\/\/ti-creation.com\/#website"},"datePublished":"2022-08-17T19:47:35+00:00","dateModified":"2022-08-29T12:04:17+00:00","breadcrumb":{"@id":"https:\/\/ti-creation.com\/about-project\/#breadcrumb"},"inLanguage":"cnr","potentialAction":[{"@type":"ReadAction","target":["https:\/\/ti-creation.com\/about-project\/"]}]},{"@type":"BreadcrumbList","@id":"https:\/\/ti-creation.com\/about-project\/#breadcrumb","itemListElement":[{"@type":"ListItem","position":1,"name":"Home","item":"https:\/\/ti-creation.com\/"},{"@type":"ListItem","position":2,"name":"About the project"}]},{"@type":"WebSite","@id":"https:\/\/ti-creation.com\/#website","url":"https:\/\/ti-creation.com\/","name":"Ti-Creation","description":"","publisher":{"@id":"https:\/\/ti-creation.com\/#organization"},"potentialAction":[{"@type":"SearchAction","target":{"@type":"EntryPoint","urlTemplate":"https:\/\/ti-creation.com\/?s={search_term_string}"},"query-input":{"@type":"PropertyValueSpecification","valueRequired":true,"valueName":"search_term_string"}}],"inLanguage":"cnr"},{"@type":"Organization","@id":"https:\/\/ti-creation.com\/#organization","name":"Ti-Creation","url":"https:\/\/ti-creation.com\/","logo":{"@type":"ImageObject","inLanguage":"cnr","@id":"https:\/\/ti-creation.com\/#\/schema\/logo\/image\/","url":"https:\/\/i0.wp.com\/ti-creation.com\/wp-content\/uploads\/2022\/08\/cvijet-lovcena-logo.jpg?fit=471%2C497&ssl=1","contentUrl":"https:\/\/i0.wp.com\/ti-creation.com\/wp-content\/uploads\/2022\/08\/cvijet-lovcena-logo.jpg?fit=471%2C497&ssl=1","width":471,"height":497,"caption":"Ti-Creation"},"image":{"@id":"https:\/\/ti-creation.com\/#\/schema\/logo\/image\/"}}]}},"jetpack_sharing_enabled":true,"_links":{"self":[{"href":"https:\/\/ti-creation.com\/mne\/wp-json\/wp\/v2\/pages\/66","targetHints":{"allow":["GET"]}}],"collection":[{"href":"https:\/\/ti-creation.com\/mne\/wp-json\/wp\/v2\/pages"}],"about":[{"href":"https:\/\/ti-creation.com\/mne\/wp-json\/wp\/v2\/types\/page"}],"author":[{"embeddable":true,"href":"https:\/\/ti-creation.com\/mne\/wp-json\/wp\/v2\/users\/1"}],"replies":[{"embeddable":true,"href":"https:\/\/ti-creation.com\/mne\/wp-json\/wp\/v2\/comments?post=66"}],"version-history":[{"count":3,"href":"https:\/\/ti-creation.com\/mne\/wp-json\/wp\/v2\/pages\/66\/revisions"}],"predecessor-version":[{"id":206,"href":"https:\/\/ti-creation.com\/mne\/wp-json\/wp\/v2\/pages\/66\/revisions\/206"}],"wp:attachment":[{"href":"https:\/\/ti-creation.com\/mne\/wp-json\/wp\/v2\/media?parent=66"}],"curies":[{"name":"wp","href":"https:\/\/api.w.org\/{rel}","templated":true}]}}